{"id":2051,"date":"2022-03-05T04:51:37","date_gmt":"2022-03-05T04:51:37","guid":{"rendered":"https:\/\/telegram-finder.com\/product\/t-shirt-medium\/"},"modified":"2025-11-05T04:58:55","modified_gmt":"2025-11-05T04:58:55","slug":"t-shirt-medium","status":"publish","type":"product","link":"https:\/\/telegram-finder.com\/fr\/product\/t-shirt-medium\/","title":{"rendered":"T-shirt Medium"},"content":{"rendered":"<p>Mais je dois vous expliquer comment est n\u00e9e toute cette id\u00e9e erron\u00e9e de d\u00e9noncer le plaisir et de louer la douleur, et je vais vous donner une explication compl\u00e8te du syst\u00e8me, et exposer les enseignements r\u00e9els du grand explorateur de la v\u00e9rit\u00e9, du ma\u00eetre-architecte du bonheur humain. Car personne ne rejette, ne d\u00e9daigne ou n&rsquo;\u00e9vite le plaisir en tant que tel, mais parce que de grandes souffrances en d\u00e9coulent pour ceux qui ne savent pas rechercher le plaisir de fa\u00e7on rationnelle. De plus, il n&rsquo;existe personne qui aime la souffrance pour elle-m\u00eame, qui la recherche et qui la veuille pour la simple raison qu&rsquo;il s&rsquo;agit de la souffrance, mais parce que parfois les circonstances sont telles que par le travail et la douleur il peut acqu\u00e9rir un certain plaisir.<\/p>\n<h2>Mat\u00e9riau et entretien<\/h2>\n<ul class=\"list-circle column2\">\n<li>Principal : 100 % coton<\/li>\n<li>Serg\u00e9 doux<\/li>\n<li>Motif c\u00f4tel\u00e9 en diagonal<\/li>\n<li>Taille unique<\/li>\n<li>Import\u00e9<\/li>\n<li>Couleur du produit : Vert fonc\u00e9<\/li>\n<\/ul>\n","protected":false},"excerpt":{"rendered":"<p>Le Lorem Ipsum est simplement du faux texte employ\u00e9 dans la composition et la mise en page. Le Lorem Ipsum est le faux texte standard de l&rsquo;imprimerie depuis les ann\u00e9es 1500, quand un imprimeur anonyme assembla ensemble des morceaux de texte pour r\u00e9aliser un livre sp\u00e9cimen. Il a surv\u00e9cu non seulement \u00e0 cinq si\u00e8cles.<\/p>\n","protected":false},"featured_media":0,"comment_status":"open","ping_status":"closed","template":"","meta":[],"product_brand":[],"product_cat":[121],"product_tag":[122,123],"class_list":{"0":"post-2051","1":"product","2":"type-product","3":"status-publish","5":"product_cat-t-shirts","6":"product_tag-restaurant","7":"product_tag-tourisme","9":"first","10":"instock","11":"shipping-taxable","12":"purchasable","13":"product-type-simple"},"_links":{"self":[{"href":"https:\/\/telegram-finder.com\/fr\/wp-json\/wp\/v2\/product\/2051","targetHints":{"allow":["GET"]}}],"collection":[{"href":"https:\/\/telegram-finder.com\/fr\/wp-json\/wp\/v2\/product"}],"about":[{"href":"https:\/\/telegram-finder.com\/fr\/wp-json\/wp\/v2\/types\/product"}],"replies":[{"embeddable":true,"href":"https:\/\/telegram-finder.com\/fr\/wp-json\/wp\/v2\/comments?post=2051"}],"wp:attachment":[{"href":"https:\/\/telegram-finder.com\/fr\/wp-json\/wp\/v2\/media?parent=2051"}],"wp:term":[{"taxonomy":"product_brand","embeddable":true,"href":"https:\/\/telegram-finder.com\/fr\/wp-json\/wp\/v2\/product_brand?post=2051"},{"taxonomy":"product_cat","embeddable":true,"href":"https:\/\/telegram-finder.com\/fr\/wp-json\/wp\/v2\/product_cat?post=2051"},{"taxonomy":"product_tag","embeddable":true,"href":"https:\/\/telegram-finder.com\/fr\/wp-json\/wp\/v2\/product_tag?post=2051"}],"curies":[{"name":"wp","href":"https:\/\/api.w.org\/{rel}","templated":true}]}}