{"id":2653,"date":"2022-01-17T07:47:51","date_gmt":"2022-01-17T07:47:51","guid":{"rendered":"https:\/\/telegram-finder.com\/conditions\/"},"modified":"2025-11-05T10:59:29","modified_gmt":"2025-11-05T10:59:29","slug":"terms","status":"publish","type":"page","link":"https:\/\/telegram-finder.com\/fr\/terms\/","title":{"rendered":"Conditions"},"content":{"rendered":"\t\t<div data-elementor-type=\"wp-page\" data-elementor-id=\"2653\" class=\"elementor elementor-2653 elementor-50\" data-elementor-post-type=\"page\">\n\t\t\t\t\t\t<section class=\"elementor-section elementor-top-section elementor-element elementor-element-2b2ddad elementor-section-stretched elementor-section-boxed elementor-section-height-default elementor-section-height-default\" data-id=\"2b2ddad\" data-element_type=\"section\" data-settings=\"{&quot;stretch_section&quot;:&quot;section-stretched&quot;}\">\n\t\t\t\t\t\t<div class=\"elementor-container elementor-column-gap-extended\">\n\t\t\t\t\t<div class=\"elementor-column elementor-col-50 elementor-top-column elementor-element elementor-element-d9b6dc2\" data-id=\"d9b6dc2\" data-element_type=\"column\" data-settings=\"{&quot;background_background&quot;:&quot;classic&quot;}\">\n\t\t\t<div class=\"elementor-widget-wrap elementor-element-populated\">\n\t\t\t\t\t\t<div class=\"elementor-element elementor-element-ac43cea elementor-widget elementor-widget-apus_element_nav_menu\" data-id=\"ac43cea\" data-element_type=\"widget\" data-widget_type=\"apus_element_nav_menu.default\">\n\t\t\t\t<div class=\"elementor-widget-container\">\n\t\t\t\t\t        <div class=\"widget-nav-menu no-margin widget m-0 st_circle\">\n            \n            \n                            <div class=\"widget-content\">\n                    <div class=\"menu-pages-french-container\"><ul id=\"menu-pages-french\" class=\"menu\"><li id=\"menu-item-3196\" class=\"menu-item menu-item-type-custom menu-item-object-custom menu-item-3196\"><a href=\"#\">Privacy Policy<\/a><\/li>\n<li id=\"menu-item-3197\" class=\"menu-item menu-item-type-custom menu-item-object-custom menu-item-3197\"><a href=\"#\">Purchase Guide<\/a><\/li>\n<li id=\"menu-item-3198\" class=\"menu-item menu-item-type-custom menu-item-object-custom menu-item-3198\"><a href=\"#\">Terms of Service<\/a><\/li>\n<li id=\"menu-item-3199\" class=\"menu-item menu-item-type-custom menu-item-object-custom menu-item-3199\"><a href=\"#\">Conditions<\/a><\/li>\n<li id=\"menu-item-3200\" class=\"menu-item menu-item-type-custom menu-item-object-custom menu-item-3200\"><a href=\"#\">Our Terms<\/a><\/li>\n<li id=\"menu-item-3201\" class=\"menu-item menu-item-type-custom menu-item-object-custom menu-item-3201\"><a href=\"#\">Informations<\/a><\/li>\n<\/ul><\/div>                <\/div>\n            \n        <\/div>\n        \t\t\t\t<\/div>\n\t\t\t\t<\/div>\n\t\t\t\t\t<\/div>\n\t\t<\/div>\n\t\t\t\t<div class=\"elementor-column elementor-col-50 elementor-top-column elementor-element elementor-element-45b7654\" data-id=\"45b7654\" data-element_type=\"column\">\n\t\t\t<div class=\"elementor-widget-wrap elementor-element-populated\">\n\t\t\t\t\t\t<div class=\"elementor-element elementor-element-a2cefe3 elementor-widget elementor-widget-heading\" data-id=\"a2cefe3\" data-element_type=\"widget\" data-widget_type=\"heading.default\">\n\t\t\t\t\t<h2 class=\"elementor-heading-title elementor-size-default\">1. Conditions<\/h2>\t\t\t\t<\/div>\n\t\t\t\t<div class=\"elementor-element elementor-element-a0db67a elementor-widget elementor-widget-text-editor\" data-id=\"a0db67a\" data-element_type=\"widget\" data-widget_type=\"text-editor.default\">\n\t\t\t\t\t\t\t\t\tLorem ipsum dolor sit amet, consectetur adipiscing elit, sed do eiusmod tempor incididunt ut labore et dolore magna aliqua. Ut enim ad minim veniam, quis nostrud exercitation ullamco laboris nisi ut aliquip ex ea commodo consequat.   \n\t\t\t\t\t\t\t\t<\/div>\n\t\t\t\t<div class=\"elementor-element elementor-element-b01deee elementor-widget elementor-widget-text-editor\" data-id=\"b01deee\" data-element_type=\"widget\" data-widget_type=\"text-editor.default\">\n\t\t\t\t\t\t\t\t\tDuis aute irure dolor in reprehenderit in voluptate velit esse cillum dolore eu fugiat nulla pariatur. Excepteur sint occaecat cupidatat non proident, sunt in culpa qui officia deserunt mollit anim id est laborum. \t\t\t\t\t\t\t\t<\/div>\n\t\t\t\t<div class=\"elementor-element elementor-element-8a8efcc elementor-widget elementor-widget-heading\" data-id=\"8a8efcc\" data-element_type=\"widget\" data-widget_type=\"heading.default\">\n\t\t\t\t\t<h2 class=\"elementor-heading-title elementor-size-default\">2. Limitations<\/h2>\t\t\t\t<\/div>\n\t\t\t\t<div class=\"elementor-element elementor-element-21cb8dd elementor-widget elementor-widget-text-editor\" data-id=\"21cb8dd\" data-element_type=\"widget\" data-widget_type=\"text-editor.default\">\n\t\t\t\t\t\t\t\t\tMais je dois vous expliquer comment est n\u00e9e toute cette id\u00e9e erron\u00e9e de d\u00e9noncer le plaisir et de louer la douleur, et je vais vous donner une explication compl\u00e8te du syst\u00e8me, et exposer les enseignements r\u00e9els du grand explorateur de la v\u00e9rit\u00e9, du ma\u00eetre-architecte du bonheur humain. Car personne ne rejette, ne d\u00e9daigne ou n&rsquo;\u00e9vite le plaisir en tant que tel, mais parce que de grandes souffrances en d\u00e9coulent pour ceux qui ne savent pas rechercher le plaisir de fa\u00e7on rationnelle.\t\t\t\t\t\t\t\t<\/div>\n\t\t\t\t<div class=\"elementor-element elementor-element-07be9f7 elementor-widget elementor-widget-text-editor\" data-id=\"07be9f7\" data-element_type=\"widget\" data-widget_type=\"text-editor.default\">\n\t\t\t\t\t\t\t\t\tDe plus, il n&rsquo;existe personne qui aime la souffrance pour elle-m\u00eame, qui la recherche et qui la veuille pour la simple raison qu&rsquo;il s&rsquo;agit de la souffrance, mais parce que parfois les circonstances sont telles que par le travail et la douleur il peut acqu\u00e9rir un certain plaisir. Ut enim ad minima veniam, quis nostrum exercitationem ullam corporis suscipit laboriosam, nisi ut aliquid ex ea commodi consequatur&nbsp;? Quis autem vel eum iure reprehenderit qui in ea voluptate velit esse quam nihil molestiae consequatur, vel illum qui dolorem eum fugiat quo voluptas nulla pariatur&nbsp;?  \t\t\t\t\t\t\t\t<\/div>\n\t\t\t\t<div class=\"elementor-element elementor-element-7b7075b elementor-widget elementor-widget-heading\" data-id=\"7b7075b\" data-element_type=\"widget\" data-widget_type=\"heading.default\">\n\t\t\t\t\t<h2 class=\"elementor-heading-title elementor-size-default\">3. Conditions d'utilisation du site <\/h2>\t\t\t\t<\/div>\n\t\t\t\t<div class=\"elementor-element elementor-element-cefdaeb elementor-widget elementor-widget-text-editor\" data-id=\"cefdaeb\" data-element_type=\"widget\" data-widget_type=\"text-editor.default\">\n\t\t\t\t\t\t\t\t\tAt vero eos et accusamus et iusto odio dignissimos ducimus qui blanditiis praesentium voluptatum deleniti atque corrupti quos dolores et quas molestias excepturi sint occaecati cupiditate non provident, similique sunt in culpa qui officia deserunt mollitia animi, id est laborum et dolorum fuga.\t\t\t\t\t\t\t\t<\/div>\n\t\t\t\t<div class=\"elementor-element elementor-element-de7c050 elementor-widget elementor-widget-text-editor\" data-id=\"de7c050\" data-element_type=\"widget\" data-widget_type=\"text-editor.default\">\n\t\t\t\t\t\t\t\t\tMais je dois vous expliquer comment est n\u00e9e toute cette id\u00e9e erron\u00e9e de d\u00e9noncer le plaisir et de louer la douleur, et je vais vous donner une explication compl\u00e8te du syst\u00e8me, et exposer les enseignements r\u00e9els du grand explorateur de la v\u00e9rit\u00e9, du ma\u00eetre-architecte du bonheur humain. Car personne ne rejette, ne d\u00e9daigne ou n&rsquo;\u00e9vite le plaisir en tant que tel, mais parce que de grandes souffrances en d\u00e9coulent pour ceux qui ne savent pas rechercher le plaisir de fa\u00e7on rationnelle.\t\t\t\t\t\t\t\t<\/div>\n\t\t\t\t\t<\/div>\n\t\t<\/div>\n\t\t\t\t\t<\/div>\n\t\t<\/section>\n\t\t\t\t<\/div>\n\t\t","protected":false},"excerpt":{"rendered":"<p>Privacy Policy Purchase Guide Terms of Service Conditions Our Terms Informations 1. Conditions Lorem ipsum dolor sit amet, consectetur adipiscing elit, sed do eiusmod tempor incididunt ut labore et dolore magna aliqua. Ut enim ad minim veniam, quis nostrud exercitation ullamco laboris nisi ut aliquip ex ea commodo consequat. Duis aute irure dolor in reprehenderit [&hellip;]<\/p>\n","protected":false},"author":1,"featured_media":0,"parent":0,"menu_order":0,"comment_status":"closed","ping_status":"closed","template":"","meta":{"footnotes":""},"class_list":["post-2653","page","type-page","status-publish","hentry"],"_hostinger_reach_plugin_has_subscription_block":false,"_hostinger_reach_plugin_is_elementor":false,"_links":{"self":[{"href":"https:\/\/telegram-finder.com\/fr\/wp-json\/wp\/v2\/pages\/2653","targetHints":{"allow":["GET"]}}],"collection":[{"href":"https:\/\/telegram-finder.com\/fr\/wp-json\/wp\/v2\/pages"}],"about":[{"href":"https:\/\/telegram-finder.com\/fr\/wp-json\/wp\/v2\/types\/page"}],"author":[{"embeddable":true,"href":"https:\/\/telegram-finder.com\/fr\/wp-json\/wp\/v2\/users\/1"}],"replies":[{"embeddable":true,"href":"https:\/\/telegram-finder.com\/fr\/wp-json\/wp\/v2\/comments?post=2653"}],"version-history":[{"count":7,"href":"https:\/\/telegram-finder.com\/fr\/wp-json\/wp\/v2\/pages\/2653\/revisions"}],"predecessor-version":[{"id":3921,"href":"https:\/\/telegram-finder.com\/fr\/wp-json\/wp\/v2\/pages\/2653\/revisions\/3921"}],"wp:attachment":[{"href":"https:\/\/telegram-finder.com\/fr\/wp-json\/wp\/v2\/media?parent=2653"}],"curies":[{"name":"wp","href":"https:\/\/api.w.org\/{rel}","templated":true}]}}