{"id":2637,"date":"2022-01-17T07:47:29","date_gmt":"2022-01-17T07:47:29","guid":{"rendered":"https:\/\/telegram-finder.com\/faq\/"},"modified":"2025-11-05T10:59:14","modified_gmt":"2025-11-05T10:59:14","slug":"faq","status":"publish","type":"page","link":"https:\/\/telegram-finder.com\/fr\/faq\/","title":{"rendered":"FAQ"},"content":{"rendered":"\t\t<div data-elementor-type=\"wp-page\" data-elementor-id=\"2637\" class=\"elementor elementor-2637 elementor-48\" data-elementor-post-type=\"page\">\n\t\t\t\t\t\t<section class=\"elementor-section elementor-top-section elementor-element elementor-element-367e0b5 elementor-section-stretched elementor-section-boxed elementor-section-height-default elementor-section-height-default\" data-id=\"367e0b5\" data-element_type=\"section\" data-settings=\"{&quot;stretch_section&quot;:&quot;section-stretched&quot;}\">\n\t\t\t\t\t\t<div class=\"elementor-container elementor-column-gap-extended\">\n\t\t\t\t\t<div class=\"elementor-column elementor-col-100 elementor-top-column elementor-element elementor-element-b2c6a18\" data-id=\"b2c6a18\" data-element_type=\"column\">\n\t\t\t<div class=\"elementor-widget-wrap elementor-element-populated\">\n\t\t\t\t\t\t<div class=\"elementor-element elementor-element-bb9dada elementor-widget elementor-widget-heading\" data-id=\"bb9dada\" data-element_type=\"widget\" data-widget_type=\"heading.default\">\n\t\t\t\t\t<h2 class=\"elementor-heading-title elementor-size-default\">Paiements<\/h2>\t\t\t\t<\/div>\n\t\t\t\t<div class=\"elementor-element elementor-element-eda5110 elementor-widget elementor-widget-accordion\" data-id=\"eda5110\" data-element_type=\"widget\" data-widget_type=\"accordion.default\">\n\t\t\t\t\t\t\t<div class=\"elementor-accordion\">\n\t\t\t\t\t\t\t<div class=\"elementor-accordion-item\">\n\t\t\t\t\t<div id=\"elementor-tab-title-2491\" class=\"elementor-tab-title\" data-tab=\"1\" role=\"button\" aria-controls=\"elementor-tab-content-2491\" aria-expanded=\"false\">\n\t\t\t\t\t\t\t\t\t\t\t\t\t<span class=\"elementor-accordion-icon elementor-accordion-icon-right\" aria-hidden=\"true\">\n\t\t\t\t\t\t\t\t\t\t\t\t\t\t\t<span class=\"elementor-accordion-icon-closed\"><svg class=\"e-font-icon-svg e-fas-plus\" viewBox=\"0 0 448 512\" xmlns=\"http:\/\/www.w3.org\/2000\/svg\"><path d=\"M416 208H272V64c0-17.67-14.33-32-32-32h-32c-17.67 0-32 14.33-32 32v144H32c-17.67 0-32 14.33-32 32v32c0 17.67 14.33 32 32 32h144v144c0 17.67 14.33 32 32 32h32c17.67 0 32-14.33 32-32V304h144c17.67 0 32-14.33 32-32v-32c0-17.67-14.33-32-32-32z\"><\/path><\/svg><\/span>\n\t\t\t\t\t\t\t\t<span class=\"elementor-accordion-icon-opened\"><svg class=\"e-font-icon-svg e-far-window-minimize\" viewBox=\"0 0 512 512\" xmlns=\"http:\/\/www.w3.org\/2000\/svg\"><path d=\"M480 480H32c-17.7 0-32-14.3-32-32s14.3-32 32-32h448c17.7 0 32 14.3 32 32s-14.3 32-32 32z\"><\/path><\/svg><\/span>\n\t\t\t\t\t\t\t\t\t\t\t\t\t\t<\/span>\n\t\t\t\t\t\t\t\t\t\t\t\t<a class=\"elementor-accordion-title\" tabindex=\"0\">Pourquoi mon paiement ne passe-t-il pas ?<\/a>\n\t\t\t\t\t<\/div>\n\t\t\t\t\t<div id=\"elementor-tab-content-2491\" class=\"elementor-tab-content elementor-clearfix\" data-tab=\"1\" role=\"region\" aria-labelledby=\"elementor-tab-title-2491\"><p>Le Lorem Ipsum est simplement du faux texte employ\u00e9 dans la composition et la mise en page. Lorem Ipsum est le texte de remplissage standard de l&rsquo;industrie depuis les ann\u00e9es 1500, quand un imprimeur inconnu a pris une gal\u00e9e de caract\u00e8res et l&rsquo;a m\u00e9lang\u00e9e pour cr\u00e9er un livre de sp\u00e9cimens typographiques. Il a surv\u00e9cu non seulement \u00e0 cinq si\u00e8cles, mais aussi au passage \u00e0 la composition \u00e9lectronique, restant essentiellement inchang\u00e9.  <\/p>\n<p>Il a \u00e9t\u00e9 popularis\u00e9 dans les ann\u00e9es 1960 avec la sortie de feuilles Letraset contenant des passages de Lorem Ipsum, et plus r\u00e9cemment avec des logiciels de publication assist\u00e9e par ordinateur comme Aldus PageMaker incluant des versions de Lorem Ipsum.<\/p>\n<\/div>\n\t\t\t\t<\/div>\n\t\t\t\t\t\t\t<div class=\"elementor-accordion-item\">\n\t\t\t\t\t<div id=\"elementor-tab-title-2492\" class=\"elementor-tab-title\" data-tab=\"2\" role=\"button\" aria-controls=\"elementor-tab-content-2492\" aria-expanded=\"false\">\n\t\t\t\t\t\t\t\t\t\t\t\t\t<span class=\"elementor-accordion-icon elementor-accordion-icon-right\" aria-hidden=\"true\">\n\t\t\t\t\t\t\t\t\t\t\t\t\t\t\t<span class=\"elementor-accordion-icon-closed\"><svg class=\"e-font-icon-svg e-fas-plus\" viewBox=\"0 0 448 512\" xmlns=\"http:\/\/www.w3.org\/2000\/svg\"><path d=\"M416 208H272V64c0-17.67-14.33-32-32-32h-32c-17.67 0-32 14.33-32 32v144H32c-17.67 0-32 14.33-32 32v32c0 17.67 14.33 32 32 32h144v144c0 17.67 14.33 32 32 32h32c17.67 0 32-14.33 32-32V304h144c17.67 0 32-14.33 32-32v-32c0-17.67-14.33-32-32-32z\"><\/path><\/svg><\/span>\n\t\t\t\t\t\t\t\t<span class=\"elementor-accordion-icon-opened\"><svg class=\"e-font-icon-svg e-far-window-minimize\" viewBox=\"0 0 512 512\" xmlns=\"http:\/\/www.w3.org\/2000\/svg\"><path d=\"M480 480H32c-17.7 0-32-14.3-32-32s14.3-32 32-32h448c17.7 0 32 14.3 32 32s-14.3 32-32 32z\"><\/path><\/svg><\/span>\n\t\t\t\t\t\t\t\t\t\t\t\t\t\t<\/span>\n\t\t\t\t\t\t\t\t\t\t\t\t<a class=\"elementor-accordion-title\" tabindex=\"0\">Comment obtenir un remboursement ?<\/a>\n\t\t\t\t\t<\/div>\n\t\t\t\t\t<div id=\"elementor-tab-content-2492\" class=\"elementor-tab-content elementor-clearfix\" data-tab=\"2\" role=\"region\" aria-labelledby=\"elementor-tab-title-2492\"><p>Contrairement \u00e0 la croyance populaire, Lorem Ipsum n&rsquo;est pas simplement du texte al\u00e9atoire. Il a ses racines dans un morceau de litt\u00e9rature latine classique de 45 av. J.-C., ce qui en fait plus de 2000 ans. Richard McClintock, professeur de latin au Hampden-Sydney College en Virginie, a recherch\u00e9 l&rsquo;un des mots latins les plus obscurs, consectetur, d&rsquo;un passage de Lorem Ipsum, et en parcourant les citations du mot dans la litt\u00e9rature classique, a d\u00e9couvert la source indubitable.  <\/p>\n<p>C&rsquo;est un fait \u00e9tabli depuis longtemps qu&rsquo;un lecteur sera distrait par le contenu lisible d&rsquo;une page lorsqu&rsquo;il regarde sa mise en page. L&rsquo;int\u00e9r\u00eat d&rsquo;utiliser Lorem Ipsum est qu&rsquo;il a une distribution plus ou moins normale des lettres, par opposition \u00e0 l&rsquo;utilisation de \u00ab Contenu ici, contenu ici \u00bb, ce qui le fait ressembler \u00e0 de l&rsquo;anglais lisible. <\/p>\n<\/div>\n\t\t\t\t<\/div>\n\t\t\t\t\t\t\t<div class=\"elementor-accordion-item\">\n\t\t\t\t\t<div id=\"elementor-tab-title-2493\" class=\"elementor-tab-title\" data-tab=\"3\" role=\"button\" aria-controls=\"elementor-tab-content-2493\" aria-expanded=\"false\">\n\t\t\t\t\t\t\t\t\t\t\t\t\t<span class=\"elementor-accordion-icon elementor-accordion-icon-right\" aria-hidden=\"true\">\n\t\t\t\t\t\t\t\t\t\t\t\t\t\t\t<span class=\"elementor-accordion-icon-closed\"><svg class=\"e-font-icon-svg e-fas-plus\" viewBox=\"0 0 448 512\" xmlns=\"http:\/\/www.w3.org\/2000\/svg\"><path d=\"M416 208H272V64c0-17.67-14.33-32-32-32h-32c-17.67 0-32 14.33-32 32v144H32c-17.67 0-32 14.33-32 32v32c0 17.67 14.33 32 32 32h144v144c0 17.67 14.33 32 32 32h32c17.67 0 32-14.33 32-32V304h144c17.67 0 32-14.33 32-32v-32c0-17.67-14.33-32-32-32z\"><\/path><\/svg><\/span>\n\t\t\t\t\t\t\t\t<span class=\"elementor-accordion-icon-opened\"><svg class=\"e-font-icon-svg e-far-window-minimize\" viewBox=\"0 0 512 512\" xmlns=\"http:\/\/www.w3.org\/2000\/svg\"><path d=\"M480 480H32c-17.7 0-32-14.3-32-32s14.3-32 32-32h448c17.7 0 32 14.3 32 32s-14.3 32-32 32z\"><\/path><\/svg><\/span>\n\t\t\t\t\t\t\t\t\t\t\t\t\t\t<\/span>\n\t\t\t\t\t\t\t\t\t\t\t\t<a class=\"elementor-accordion-title\" tabindex=\"0\">Comment utiliser un coupon ?<\/a>\n\t\t\t\t\t<\/div>\n\t\t\t\t\t<div id=\"elementor-tab-content-2493\" class=\"elementor-tab-content elementor-clearfix\" data-tab=\"3\" role=\"region\" aria-labelledby=\"elementor-tab-title-2493\"><p>Le Lorem Ipsum est simplement du faux texte employ\u00e9 dans la composition et la mise en page. Lorem Ipsum est le texte de remplissage standard de l&rsquo;industrie depuis les ann\u00e9es 1500, quand un imprimeur inconnu a pris une gal\u00e9e de caract\u00e8res et l&rsquo;a m\u00e9lang\u00e9e pour cr\u00e9er un livre de sp\u00e9cimens typographiques. Il a surv\u00e9cu non seulement \u00e0 cinq si\u00e8cles, mais aussi au passage \u00e0 la composition \u00e9lectronique, restant essentiellement inchang\u00e9.  <\/p>\n<p>Il a \u00e9t\u00e9 popularis\u00e9 dans les ann\u00e9es 1960 avec la sortie de feuilles Letraset contenant des passages de Lorem Ipsum, et plus r\u00e9cemment avec des logiciels de publication assist\u00e9e par ordinateur comme Aldus PageMaker incluant des versions de Lorem Ipsum.<\/p>\n<\/div>\n\t\t\t\t<\/div>\n\t\t\t\t\t\t\t<div class=\"elementor-accordion-item\">\n\t\t\t\t\t<div id=\"elementor-tab-title-2494\" class=\"elementor-tab-title\" data-tab=\"4\" role=\"button\" aria-controls=\"elementor-tab-content-2494\" aria-expanded=\"false\">\n\t\t\t\t\t\t\t\t\t\t\t\t\t<span class=\"elementor-accordion-icon elementor-accordion-icon-right\" aria-hidden=\"true\">\n\t\t\t\t\t\t\t\t\t\t\t\t\t\t\t<span class=\"elementor-accordion-icon-closed\"><svg class=\"e-font-icon-svg e-fas-plus\" viewBox=\"0 0 448 512\" xmlns=\"http:\/\/www.w3.org\/2000\/svg\"><path d=\"M416 208H272V64c0-17.67-14.33-32-32-32h-32c-17.67 0-32 14.33-32 32v144H32c-17.67 0-32 14.33-32 32v32c0 17.67 14.33 32 32 32h144v144c0 17.67 14.33 32 32 32h32c17.67 0 32-14.33 32-32V304h144c17.67 0 32-14.33 32-32v-32c0-17.67-14.33-32-32-32z\"><\/path><\/svg><\/span>\n\t\t\t\t\t\t\t\t<span class=\"elementor-accordion-icon-opened\"><svg class=\"e-font-icon-svg e-far-window-minimize\" viewBox=\"0 0 512 512\" xmlns=\"http:\/\/www.w3.org\/2000\/svg\"><path d=\"M480 480H32c-17.7 0-32-14.3-32-32s14.3-32 32-32h448c17.7 0 32 14.3 32 32s-14.3 32-32 32z\"><\/path><\/svg><\/span>\n\t\t\t\t\t\t\t\t\t\t\t\t\t\t<\/span>\n\t\t\t\t\t\t\t\t\t\t\t\t<a class=\"elementor-accordion-title\" tabindex=\"0\">Changer le nom du compte<\/a>\n\t\t\t\t\t<\/div>\n\t\t\t\t\t<div id=\"elementor-tab-content-2494\" class=\"elementor-tab-content elementor-clearfix\" data-tab=\"4\" role=\"region\" aria-labelledby=\"elementor-tab-title-2494\"><p>Contrairement \u00e0 la croyance populaire, Lorem Ipsum n&rsquo;est pas simplement du texte al\u00e9atoire. Il a ses racines dans un morceau de litt\u00e9rature latine classique de 45 av. J.-C., ce qui en fait plus de 2000 ans. Richard McClintock, professeur de latin au Hampden-Sydney College en Virginie, a recherch\u00e9 l&rsquo;un des mots latins les plus obscurs, consectetur, d&rsquo;un passage de Lorem Ipsum, et en parcourant les citations du mot dans la litt\u00e9rature classique, a d\u00e9couvert la source indubitable.  <\/p>\n<p>C&rsquo;est un fait \u00e9tabli depuis longtemps qu&rsquo;un lecteur sera distrait par le contenu lisible d&rsquo;une page lorsqu&rsquo;il regarde sa mise en page. L&rsquo;int\u00e9r\u00eat d&rsquo;utiliser Lorem Ipsum est qu&rsquo;il a une distribution plus ou moins normale des lettres, par opposition \u00e0 l&rsquo;utilisation de \u00ab Contenu ici, contenu ici \u00bb, ce qui le fait ressembler \u00e0 de l&rsquo;anglais lisible. <\/p>\n<\/div>\n\t\t\t\t<\/div>\n\t\t\t\t\t\t\t\t<\/div>\n\t\t\t\t\t\t<\/div>\n\t\t\t\t\t<\/div>\n\t\t<\/div>\n\t\t\t\t\t<\/div>\n\t\t<\/section>\n\t\t\t\t<section class=\"elementor-section elementor-top-section elementor-element elementor-element-f6b93ff elementor-section-stretched elementor-section-boxed elementor-section-height-default elementor-section-height-default\" data-id=\"f6b93ff\" data-element_type=\"section\" data-settings=\"{&quot;stretch_section&quot;:&quot;section-stretched&quot;}\">\n\t\t\t\t\t\t<div class=\"elementor-container elementor-column-gap-extended\">\n\t\t\t\t\t<div class=\"elementor-column elementor-col-100 elementor-top-column elementor-element elementor-element-8fab70d\" data-id=\"8fab70d\" data-element_type=\"column\">\n\t\t\t<div class=\"elementor-widget-wrap elementor-element-populated\">\n\t\t\t\t\t\t<div class=\"elementor-element elementor-element-9a16dcc elementor-widget elementor-widget-heading\" data-id=\"9a16dcc\" data-element_type=\"widget\" data-widget_type=\"heading.default\">\n\t\t\t\t\t<h2 class=\"elementor-heading-title elementor-size-default\">Suggestions<\/h2>\t\t\t\t<\/div>\n\t\t\t\t<div class=\"elementor-element elementor-element-9b72ad8 elementor-widget elementor-widget-accordion\" data-id=\"9b72ad8\" data-element_type=\"widget\" data-widget_type=\"accordion.default\">\n\t\t\t\t\t\t\t<div class=\"elementor-accordion\">\n\t\t\t\t\t\t\t<div class=\"elementor-accordion-item\">\n\t\t\t\t\t<div id=\"elementor-tab-title-1621\" class=\"elementor-tab-title\" data-tab=\"1\" role=\"button\" aria-controls=\"elementor-tab-content-1621\" aria-expanded=\"false\">\n\t\t\t\t\t\t\t\t\t\t\t\t\t<span class=\"elementor-accordion-icon elementor-accordion-icon-right\" aria-hidden=\"true\">\n\t\t\t\t\t\t\t\t\t\t\t\t\t\t\t<span class=\"elementor-accordion-icon-closed\"><svg class=\"e-font-icon-svg e-fas-plus\" viewBox=\"0 0 448 512\" xmlns=\"http:\/\/www.w3.org\/2000\/svg\"><path d=\"M416 208H272V64c0-17.67-14.33-32-32-32h-32c-17.67 0-32 14.33-32 32v144H32c-17.67 0-32 14.33-32 32v32c0 17.67 14.33 32 32 32h144v144c0 17.67 14.33 32 32 32h32c17.67 0 32-14.33 32-32V304h144c17.67 0 32-14.33 32-32v-32c0-17.67-14.33-32-32-32z\"><\/path><\/svg><\/span>\n\t\t\t\t\t\t\t\t<span class=\"elementor-accordion-icon-opened\"><svg class=\"e-font-icon-svg e-far-window-minimize\" viewBox=\"0 0 512 512\" xmlns=\"http:\/\/www.w3.org\/2000\/svg\"><path d=\"M480 480H32c-17.7 0-32-14.3-32-32s14.3-32 32-32h448c17.7 0 32 14.3 32 32s-14.3 32-32 32z\"><\/path><\/svg><\/span>\n\t\t\t\t\t\t\t\t\t\t\t\t\t\t<\/span>\n\t\t\t\t\t\t\t\t\t\t\t\t<a class=\"elementor-accordion-title\" tabindex=\"0\">Pourquoi mon paiement ne passe-t-il pas ?<\/a>\n\t\t\t\t\t<\/div>\n\t\t\t\t\t<div id=\"elementor-tab-content-1621\" class=\"elementor-tab-content elementor-clearfix\" data-tab=\"1\" role=\"region\" aria-labelledby=\"elementor-tab-title-1621\"><p>Le Lorem Ipsum est simplement du faux texte employ\u00e9 dans la composition et la mise en page. Lorem Ipsum est le texte de remplissage standard de l&rsquo;industrie depuis les ann\u00e9es 1500, quand un imprimeur inconnu a pris une gal\u00e9e de caract\u00e8res et l&rsquo;a m\u00e9lang\u00e9e pour cr\u00e9er un livre de sp\u00e9cimens typographiques. Il a surv\u00e9cu non seulement \u00e0 cinq si\u00e8cles, mais aussi au passage \u00e0 la composition \u00e9lectronique, restant essentiellement inchang\u00e9.  <\/p>\n<p>Il a \u00e9t\u00e9 popularis\u00e9 dans les ann\u00e9es 1960 avec la sortie de feuilles Letraset contenant des passages de Lorem Ipsum, et plus r\u00e9cemment avec des logiciels de publication assist\u00e9e par ordinateur comme Aldus PageMaker incluant des versions de Lorem Ipsum.<\/p>\n<\/div>\n\t\t\t\t<\/div>\n\t\t\t\t\t\t\t<div class=\"elementor-accordion-item\">\n\t\t\t\t\t<div id=\"elementor-tab-title-1622\" class=\"elementor-tab-title\" data-tab=\"2\" role=\"button\" aria-controls=\"elementor-tab-content-1622\" aria-expanded=\"false\">\n\t\t\t\t\t\t\t\t\t\t\t\t\t<span class=\"elementor-accordion-icon elementor-accordion-icon-right\" aria-hidden=\"true\">\n\t\t\t\t\t\t\t\t\t\t\t\t\t\t\t<span class=\"elementor-accordion-icon-closed\"><svg class=\"e-font-icon-svg e-fas-plus\" viewBox=\"0 0 448 512\" xmlns=\"http:\/\/www.w3.org\/2000\/svg\"><path d=\"M416 208H272V64c0-17.67-14.33-32-32-32h-32c-17.67 0-32 14.33-32 32v144H32c-17.67 0-32 14.33-32 32v32c0 17.67 14.33 32 32 32h144v144c0 17.67 14.33 32 32 32h32c17.67 0 32-14.33 32-32V304h144c17.67 0 32-14.33 32-32v-32c0-17.67-14.33-32-32-32z\"><\/path><\/svg><\/span>\n\t\t\t\t\t\t\t\t<span class=\"elementor-accordion-icon-opened\"><svg class=\"e-font-icon-svg e-far-window-minimize\" viewBox=\"0 0 512 512\" xmlns=\"http:\/\/www.w3.org\/2000\/svg\"><path d=\"M480 480H32c-17.7 0-32-14.3-32-32s14.3-32 32-32h448c17.7 0 32 14.3 32 32s-14.3 32-32 32z\"><\/path><\/svg><\/span>\n\t\t\t\t\t\t\t\t\t\t\t\t\t\t<\/span>\n\t\t\t\t\t\t\t\t\t\t\t\t<a class=\"elementor-accordion-title\" tabindex=\"0\">Comment obtenir un remboursement ?<\/a>\n\t\t\t\t\t<\/div>\n\t\t\t\t\t<div id=\"elementor-tab-content-1622\" class=\"elementor-tab-content elementor-clearfix\" data-tab=\"2\" role=\"region\" aria-labelledby=\"elementor-tab-title-1622\"><p>Contrairement \u00e0 la croyance populaire, Lorem Ipsum n&rsquo;est pas simplement du texte al\u00e9atoire. Il a ses racines dans un morceau de litt\u00e9rature latine classique de 45 av. J.-C., ce qui en fait plus de 2000 ans. Richard McClintock, professeur de latin au Hampden-Sydney College en Virginie, a recherch\u00e9 l&rsquo;un des mots latins les plus obscurs, consectetur, d&rsquo;un passage de Lorem Ipsum, et en parcourant les citations du mot dans la litt\u00e9rature classique, a d\u00e9couvert la source indubitable.  <\/p>\n<p>C&rsquo;est un fait \u00e9tabli depuis longtemps qu&rsquo;un lecteur sera distrait par le contenu lisible d&rsquo;une page lorsqu&rsquo;il regarde sa mise en page. L&rsquo;int\u00e9r\u00eat d&rsquo;utiliser Lorem Ipsum est qu&rsquo;il a une distribution plus ou moins normale des lettres, par opposition \u00e0 l&rsquo;utilisation de \u00ab Contenu ici, contenu ici \u00bb, ce qui le fait ressembler \u00e0 de l&rsquo;anglais lisible. <\/p>\n<\/div>\n\t\t\t\t<\/div>\n\t\t\t\t\t\t\t<div class=\"elementor-accordion-item\">\n\t\t\t\t\t<div id=\"elementor-tab-title-1623\" class=\"elementor-tab-title\" data-tab=\"3\" role=\"button\" aria-controls=\"elementor-tab-content-1623\" aria-expanded=\"false\">\n\t\t\t\t\t\t\t\t\t\t\t\t\t<span class=\"elementor-accordion-icon elementor-accordion-icon-right\" aria-hidden=\"true\">\n\t\t\t\t\t\t\t\t\t\t\t\t\t\t\t<span class=\"elementor-accordion-icon-closed\"><svg class=\"e-font-icon-svg e-fas-plus\" viewBox=\"0 0 448 512\" xmlns=\"http:\/\/www.w3.org\/2000\/svg\"><path d=\"M416 208H272V64c0-17.67-14.33-32-32-32h-32c-17.67 0-32 14.33-32 32v144H32c-17.67 0-32 14.33-32 32v32c0 17.67 14.33 32 32 32h144v144c0 17.67 14.33 32 32 32h32c17.67 0 32-14.33 32-32V304h144c17.67 0 32-14.33 32-32v-32c0-17.67-14.33-32-32-32z\"><\/path><\/svg><\/span>\n\t\t\t\t\t\t\t\t<span class=\"elementor-accordion-icon-opened\"><svg class=\"e-font-icon-svg e-far-window-minimize\" viewBox=\"0 0 512 512\" xmlns=\"http:\/\/www.w3.org\/2000\/svg\"><path d=\"M480 480H32c-17.7 0-32-14.3-32-32s14.3-32 32-32h448c17.7 0 32 14.3 32 32s-14.3 32-32 32z\"><\/path><\/svg><\/span>\n\t\t\t\t\t\t\t\t\t\t\t\t\t\t<\/span>\n\t\t\t\t\t\t\t\t\t\t\t\t<a class=\"elementor-accordion-title\" tabindex=\"0\">Comment utiliser un coupon ?<\/a>\n\t\t\t\t\t<\/div>\n\t\t\t\t\t<div id=\"elementor-tab-content-1623\" class=\"elementor-tab-content elementor-clearfix\" data-tab=\"3\" role=\"region\" aria-labelledby=\"elementor-tab-title-1623\"><p>Le Lorem Ipsum est simplement du faux texte employ\u00e9 dans la composition et la mise en page. Lorem Ipsum est le texte de remplissage standard de l&rsquo;industrie depuis les ann\u00e9es 1500, quand un imprimeur inconnu a pris une gal\u00e9e de caract\u00e8res et l&rsquo;a m\u00e9lang\u00e9e pour cr\u00e9er un livre de sp\u00e9cimens typographiques. Il a surv\u00e9cu non seulement \u00e0 cinq si\u00e8cles, mais aussi au passage \u00e0 la composition \u00e9lectronique, restant essentiellement inchang\u00e9.  <\/p>\n<p>Il a \u00e9t\u00e9 popularis\u00e9 dans les ann\u00e9es 1960 avec la sortie de feuilles Letraset contenant des passages de Lorem Ipsum, et plus r\u00e9cemment avec des logiciels de publication assist\u00e9e par ordinateur comme Aldus PageMaker incluant des versions de Lorem Ipsum.<\/p>\n<\/div>\n\t\t\t\t<\/div>\n\t\t\t\t\t\t\t<div class=\"elementor-accordion-item\">\n\t\t\t\t\t<div id=\"elementor-tab-title-1624\" class=\"elementor-tab-title\" data-tab=\"4\" role=\"button\" aria-controls=\"elementor-tab-content-1624\" aria-expanded=\"false\">\n\t\t\t\t\t\t\t\t\t\t\t\t\t<span class=\"elementor-accordion-icon elementor-accordion-icon-right\" aria-hidden=\"true\">\n\t\t\t\t\t\t\t\t\t\t\t\t\t\t\t<span class=\"elementor-accordion-icon-closed\"><svg class=\"e-font-icon-svg e-fas-plus\" viewBox=\"0 0 448 512\" xmlns=\"http:\/\/www.w3.org\/2000\/svg\"><path d=\"M416 208H272V64c0-17.67-14.33-32-32-32h-32c-17.67 0-32 14.33-32 32v144H32c-17.67 0-32 14.33-32 32v32c0 17.67 14.33 32 32 32h144v144c0 17.67 14.33 32 32 32h32c17.67 0 32-14.33 32-32V304h144c17.67 0 32-14.33 32-32v-32c0-17.67-14.33-32-32-32z\"><\/path><\/svg><\/span>\n\t\t\t\t\t\t\t\t<span class=\"elementor-accordion-icon-opened\"><svg class=\"e-font-icon-svg e-far-window-minimize\" viewBox=\"0 0 512 512\" xmlns=\"http:\/\/www.w3.org\/2000\/svg\"><path d=\"M480 480H32c-17.7 0-32-14.3-32-32s14.3-32 32-32h448c17.7 0 32 14.3 32 32s-14.3 32-32 32z\"><\/path><\/svg><\/span>\n\t\t\t\t\t\t\t\t\t\t\t\t\t\t<\/span>\n\t\t\t\t\t\t\t\t\t\t\t\t<a class=\"elementor-accordion-title\" tabindex=\"0\">Changer le nom du compte<\/a>\n\t\t\t\t\t<\/div>\n\t\t\t\t\t<div id=\"elementor-tab-content-1624\" class=\"elementor-tab-content elementor-clearfix\" data-tab=\"4\" role=\"region\" aria-labelledby=\"elementor-tab-title-1624\"><p>Contrairement \u00e0 la croyance populaire, Lorem Ipsum n&rsquo;est pas simplement du texte al\u00e9atoire. Il a ses racines dans un morceau de litt\u00e9rature latine classique de 45 av. J.-C., ce qui en fait plus de 2000 ans. Richard McClintock, professeur de latin au Hampden-Sydney College en Virginie, a recherch\u00e9 l&rsquo;un des mots latins les plus obscurs, consectetur, d&rsquo;un passage de Lorem Ipsum, et en parcourant les citations du mot dans la litt\u00e9rature classique, a d\u00e9couvert la source indubitable.  <\/p>\n<p>C&rsquo;est un fait \u00e9tabli depuis longtemps qu&rsquo;un lecteur sera distrait par le contenu lisible d&rsquo;une page lorsqu&rsquo;il regarde sa mise en page. L&rsquo;int\u00e9r\u00eat d&rsquo;utiliser Lorem Ipsum est qu&rsquo;il a une distribution plus ou moins normale des lettres, par opposition \u00e0 l&rsquo;utilisation de \u00ab Contenu ici, contenu ici \u00bb, ce qui le fait ressembler \u00e0 de l&rsquo;anglais lisible. <\/p>\n<\/div>\n\t\t\t\t<\/div>\n\t\t\t\t\t\t\t\t<\/div>\n\t\t\t\t\t\t<\/div>\n\t\t\t\t\t<\/div>\n\t\t<\/div>\n\t\t\t\t\t<\/div>\n\t\t<\/section>\n\t\t\t\t<\/div>\n\t\t","protected":false},"excerpt":{"rendered":"<p>Paiements Pourquoi mon paiement ne passe-t-il pas ? Le Lorem Ipsum est simplement du faux texte employ\u00e9 dans la composition et la mise en page. Lorem Ipsum est le texte de remplissage standard de l&rsquo;industrie depuis les ann\u00e9es 1500, quand un imprimeur inconnu a pris une gal\u00e9e de caract\u00e8res et l&rsquo;a m\u00e9lang\u00e9e pour cr\u00e9er un [&hellip;]<\/p>\n","protected":false},"author":1,"featured_media":0,"parent":0,"menu_order":0,"comment_status":"closed","ping_status":"closed","template":"","meta":{"footnotes":""},"class_list":["post-2637","page","type-page","status-publish","hentry"],"_hostinger_reach_plugin_has_subscription_block":false,"_hostinger_reach_plugin_is_elementor":false,"_links":{"self":[{"href":"https:\/\/telegram-finder.com\/fr\/wp-json\/wp\/v2\/pages\/2637","targetHints":{"allow":["GET"]}}],"collection":[{"href":"https:\/\/telegram-finder.com\/fr\/wp-json\/wp\/v2\/pages"}],"about":[{"href":"https:\/\/telegram-finder.com\/fr\/wp-json\/wp\/v2\/types\/page"}],"author":[{"embeddable":true,"href":"https:\/\/telegram-finder.com\/fr\/wp-json\/wp\/v2\/users\/1"}],"replies":[{"embeddable":true,"href":"https:\/\/telegram-finder.com\/fr\/wp-json\/wp\/v2\/comments?post=2637"}],"version-history":[{"count":4,"href":"https:\/\/telegram-finder.com\/fr\/wp-json\/wp\/v2\/pages\/2637\/revisions"}],"predecessor-version":[{"id":3919,"href":"https:\/\/telegram-finder.com\/fr\/wp-json\/wp\/v2\/pages\/2637\/revisions\/3919"}],"wp:attachment":[{"href":"https:\/\/telegram-finder.com\/fr\/wp-json\/wp\/v2\/media?parent=2637"}],"curies":[{"name":"wp","href":"https:\/\/api.w.org\/{rel}","templated":true}]}}