{"id":2021,"date":"2022-03-05T04:51:37","date_gmt":"2022-03-05T04:51:37","guid":{"rendered":"https:\/\/telegram-finder.com\/product\/camiseta-mediana\/"},"modified":"2025-11-05T04:57:28","modified_gmt":"2025-11-05T04:57:28","slug":"camiseta-mediana","status":"publish","type":"product","link":"https:\/\/telegram-finder.com\/es\/product\/camiseta-mediana\/","title":{"rendered":"Camiseta mediana"},"content":{"rendered":"<p>Sed ut perspiciatis unde omnis iste natus error sit voluptatem accusantium doloremque laudantium, totam rem aperiam, eaque ipsa quae ab illo inventore veritatis et quasi architecto beatae vitae dicta sunt explicabo. Nemo enim ipsam voluptatem quia voluptas sit aspernatur aut odit aut fugit, sed quia consequuntur magni dolores eos qui ratione voluptatem sequi nesciunt. Neque porro quisquam est, qui dolorem ipsum quia dolor sit amet, consectetur, adipisci velit, sed quia non numquam eius modi tempora incidunt ut labore et dolore magnam aliquam quaerat voluptatem.<\/p>\n<h2>Material y cuidado<\/h2>\n<ul class=\"list-circle column2\">\n<li>Principal: 100% algod\u00f3n<\/li>\n<li>Sarga suave<\/li>\n<li>Patr\u00f3n acanalado diagonal<\/li>\n<li>Talla \u00fanica<\/li>\n<li>Importado<\/li>\n<li>Color del producto: Verde verdoso oscuro<\/li>\n<\/ul>\n","protected":false},"excerpt":{"rendered":"<p>Lorem Ipsum es simplemente un texto de relleno de la industria de la impresi\u00f3n y la composici\u00f3n tipogr\u00e1fica. Lorem Ipsum ha sido el texto de relleno est\u00e1ndar de la industria desde el a\u00f1o 1500, cuando un impresor desconocido tom\u00f3 una galer\u00eda de tipos y la mezcl\u00f3 para hacer un libro de muestras tipogr\u00e1ficas. Ha sobrevivido no solo cinco siglos.<\/p>\n","protected":false},"featured_media":0,"comment_status":"open","ping_status":"closed","template":"","meta":[],"product_brand":[],"product_cat":[115],"product_tag":[116,117],"class_list":{"0":"post-2021","1":"product","2":"type-product","3":"status-publish","5":"product_cat-camisetas","6":"product_tag-restaurante","7":"product_tag-turismo","9":"first","10":"instock","11":"shipping-taxable","12":"purchasable","13":"product-type-simple"},"_links":{"self":[{"href":"https:\/\/telegram-finder.com\/es\/wp-json\/wp\/v2\/product\/2021","targetHints":{"allow":["GET"]}}],"collection":[{"href":"https:\/\/telegram-finder.com\/es\/wp-json\/wp\/v2\/product"}],"about":[{"href":"https:\/\/telegram-finder.com\/es\/wp-json\/wp\/v2\/types\/product"}],"replies":[{"embeddable":true,"href":"https:\/\/telegram-finder.com\/es\/wp-json\/wp\/v2\/comments?post=2021"}],"wp:attachment":[{"href":"https:\/\/telegram-finder.com\/es\/wp-json\/wp\/v2\/media?parent=2021"}],"wp:term":[{"taxonomy":"product_brand","embeddable":true,"href":"https:\/\/telegram-finder.com\/es\/wp-json\/wp\/v2\/product_brand?post=2021"},{"taxonomy":"product_cat","embeddable":true,"href":"https:\/\/telegram-finder.com\/es\/wp-json\/wp\/v2\/product_cat?post=2021"},{"taxonomy":"product_tag","embeddable":true,"href":"https:\/\/telegram-finder.com\/es\/wp-json\/wp\/v2\/product_tag?post=2021"}],"curies":[{"name":"wp","href":"https:\/\/api.w.org\/{rel}","templated":true}]}}