{"id":2201,"date":"2022-01-17T07:47:29","date_gmt":"2022-01-17T07:47:29","guid":{"rendered":"https:\/\/telegram-finder.com\/faq\/"},"modified":"2025-11-05T10:27:06","modified_gmt":"2025-11-05T10:27:06","slug":"faq","status":"publish","type":"page","link":"https:\/\/telegram-finder.com\/de\/faq\/","title":{"rendered":"FAQ"},"content":{"rendered":"\t\t<div data-elementor-type=\"wp-page\" data-elementor-id=\"2201\" class=\"elementor elementor-2201 elementor-48\" data-elementor-post-type=\"page\">\n\t\t\t\t\t\t<section class=\"elementor-section elementor-top-section elementor-element elementor-element-367e0b5 elementor-section-stretched elementor-section-boxed elementor-section-height-default elementor-section-height-default\" data-id=\"367e0b5\" data-element_type=\"section\" data-settings=\"{&quot;stretch_section&quot;:&quot;section-stretched&quot;}\">\n\t\t\t\t\t\t<div class=\"elementor-container elementor-column-gap-extended\">\n\t\t\t\t\t<div class=\"elementor-column elementor-col-100 elementor-top-column elementor-element elementor-element-b2c6a18\" data-id=\"b2c6a18\" data-element_type=\"column\">\n\t\t\t<div class=\"elementor-widget-wrap elementor-element-populated\">\n\t\t\t\t\t\t<div class=\"elementor-element elementor-element-bb9dada elementor-widget elementor-widget-heading\" data-id=\"bb9dada\" data-element_type=\"widget\" data-widget_type=\"heading.default\">\n\t\t\t\t\t<h2 class=\"elementor-heading-title elementor-size-default\">Zahlungen<\/h2>\t\t\t\t<\/div>\n\t\t\t\t<div class=\"elementor-element elementor-element-eda5110 elementor-widget elementor-widget-accordion\" data-id=\"eda5110\" data-element_type=\"widget\" data-widget_type=\"accordion.default\">\n\t\t\t\t\t\t\t<div class=\"elementor-accordion\">\n\t\t\t\t\t\t\t<div class=\"elementor-accordion-item\">\n\t\t\t\t\t<div id=\"elementor-tab-title-2491\" class=\"elementor-tab-title\" data-tab=\"1\" role=\"button\" aria-controls=\"elementor-tab-content-2491\" aria-expanded=\"false\">\n\t\t\t\t\t\t\t\t\t\t\t\t\t<span class=\"elementor-accordion-icon elementor-accordion-icon-right\" aria-hidden=\"true\">\n\t\t\t\t\t\t\t\t\t\t\t\t\t\t\t<span class=\"elementor-accordion-icon-closed\"><svg class=\"e-font-icon-svg e-fas-plus\" viewBox=\"0 0 448 512\" xmlns=\"http:\/\/www.w3.org\/2000\/svg\"><path d=\"M416 208H272V64c0-17.67-14.33-32-32-32h-32c-17.67 0-32 14.33-32 32v144H32c-17.67 0-32 14.33-32 32v32c0 17.67 14.33 32 32 32h144v144c0 17.67 14.33 32 32 32h32c17.67 0 32-14.33 32-32V304h144c17.67 0 32-14.33 32-32v-32c0-17.67-14.33-32-32-32z\"><\/path><\/svg><\/span>\n\t\t\t\t\t\t\t\t<span class=\"elementor-accordion-icon-opened\"><svg class=\"e-font-icon-svg e-far-window-minimize\" viewBox=\"0 0 512 512\" xmlns=\"http:\/\/www.w3.org\/2000\/svg\"><path d=\"M480 480H32c-17.7 0-32-14.3-32-32s14.3-32 32-32h448c17.7 0 32 14.3 32 32s-14.3 32-32 32z\"><\/path><\/svg><\/span>\n\t\t\t\t\t\t\t\t\t\t\t\t\t\t<\/span>\n\t\t\t\t\t\t\t\t\t\t\t\t<a class=\"elementor-accordion-title\" tabindex=\"0\">Warum wird meine Zahlung nicht durchgef\u00fchrt?<\/a>\n\t\t\t\t\t<\/div>\n\t\t\t\t\t<div id=\"elementor-tab-content-2491\" class=\"elementor-tab-content elementor-clearfix\" data-tab=\"1\" role=\"region\" aria-labelledby=\"elementor-tab-title-2491\"><p>Lorem Ipsum ist einfach Blindtext der Druck- und Satzindustrie. Lorem Ipsum ist seit den 1500er Jahren der Standard-Blindtext der Branche, als ein unbekannter Drucker eine Drucktype nahm und sie verw\u00fcrfelte, um ein Musterbuch zu erstellen. Es hat nicht nur f\u00fcnf Jahrhunderte \u00fcberlebt, sondern auch den Sprung in den elektronischen Schriftsatz, und ist im Wesentlichen unver\u00e4ndert geblieben.  <\/p>\n<p>Es wurde in den 1960er Jahren mit der Ver\u00f6ffentlichung von Letraset-Bl\u00e4ttern mit Lorem Ipsum-Passagen popul\u00e4r gemacht, und in j\u00fcngerer Zeit mit Desktop-Publishing-Software wie Aldus PageMaker, einschlie\u00dflich Versionen von Lorem Ipsum.<\/p>\n<\/div>\n\t\t\t\t<\/div>\n\t\t\t\t\t\t\t<div class=\"elementor-accordion-item\">\n\t\t\t\t\t<div id=\"elementor-tab-title-2492\" class=\"elementor-tab-title\" data-tab=\"2\" role=\"button\" aria-controls=\"elementor-tab-content-2492\" aria-expanded=\"false\">\n\t\t\t\t\t\t\t\t\t\t\t\t\t<span class=\"elementor-accordion-icon elementor-accordion-icon-right\" aria-hidden=\"true\">\n\t\t\t\t\t\t\t\t\t\t\t\t\t\t\t<span class=\"elementor-accordion-icon-closed\"><svg class=\"e-font-icon-svg e-fas-plus\" viewBox=\"0 0 448 512\" xmlns=\"http:\/\/www.w3.org\/2000\/svg\"><path d=\"M416 208H272V64c0-17.67-14.33-32-32-32h-32c-17.67 0-32 14.33-32 32v144H32c-17.67 0-32 14.33-32 32v32c0 17.67 14.33 32 32 32h144v144c0 17.67 14.33 32 32 32h32c17.67 0 32-14.33 32-32V304h144c17.67 0 32-14.33 32-32v-32c0-17.67-14.33-32-32-32z\"><\/path><\/svg><\/span>\n\t\t\t\t\t\t\t\t<span class=\"elementor-accordion-icon-opened\"><svg class=\"e-font-icon-svg e-far-window-minimize\" viewBox=\"0 0 512 512\" xmlns=\"http:\/\/www.w3.org\/2000\/svg\"><path d=\"M480 480H32c-17.7 0-32-14.3-32-32s14.3-32 32-32h448c17.7 0 32 14.3 32 32s-14.3 32-32 32z\"><\/path><\/svg><\/span>\n\t\t\t\t\t\t\t\t\t\t\t\t\t\t<\/span>\n\t\t\t\t\t\t\t\t\t\t\t\t<a class=\"elementor-accordion-title\" tabindex=\"0\">Wie bekomme ich eine R\u00fcckerstattung?<\/a>\n\t\t\t\t\t<\/div>\n\t\t\t\t\t<div id=\"elementor-tab-content-2492\" class=\"elementor-tab-content elementor-clearfix\" data-tab=\"2\" role=\"region\" aria-labelledby=\"elementor-tab-title-2492\"><p>Entgegen der landl\u00e4ufigen Meinung ist Lorem Ipsum nicht einfach nur zuf\u00e4lliger Text. Es hat seine Wurzeln in einem St\u00fcck klassischer lateinischer Literatur aus dem Jahr 45 v. Chr. und ist damit \u00fcber 2000 Jahre alt. Richard McClintock, ein Lateinprofessor am Hampden-Sydney College in Virginia, schlug eines der obskureren lateinischen W\u00f6rter, consectetur, aus einer Lorem Ipsum-Passage nach und entdeckte bei der Durchsicht der Zitate des Wortes in der klassischen Literatur die unzweifelhafte Quelle.  <\/p>\n<p>Es ist eine seit langem etablierte Tatsache, dass ein Leser durch den lesbaren Inhalt einer Seite abgelenkt wird, wenn er sich deren Layout ansieht. Der Punkt bei der Verwendung von Lorem Ipsum ist, dass es eine mehr oder weniger normale Verteilung von Buchstaben aufweist, im Gegensatz zur Verwendung von &#8218;Inhalt hier, Inhalt hier&#8216;, wodurch es wie lesbares Englisch aussieht. <\/p>\n<\/div>\n\t\t\t\t<\/div>\n\t\t\t\t\t\t\t<div class=\"elementor-accordion-item\">\n\t\t\t\t\t<div id=\"elementor-tab-title-2493\" class=\"elementor-tab-title\" data-tab=\"3\" role=\"button\" aria-controls=\"elementor-tab-content-2493\" aria-expanded=\"false\">\n\t\t\t\t\t\t\t\t\t\t\t\t\t<span class=\"elementor-accordion-icon elementor-accordion-icon-right\" aria-hidden=\"true\">\n\t\t\t\t\t\t\t\t\t\t\t\t\t\t\t<span class=\"elementor-accordion-icon-closed\"><svg class=\"e-font-icon-svg e-fas-plus\" viewBox=\"0 0 448 512\" xmlns=\"http:\/\/www.w3.org\/2000\/svg\"><path d=\"M416 208H272V64c0-17.67-14.33-32-32-32h-32c-17.67 0-32 14.33-32 32v144H32c-17.67 0-32 14.33-32 32v32c0 17.67 14.33 32 32 32h144v144c0 17.67 14.33 32 32 32h32c17.67 0 32-14.33 32-32V304h144c17.67 0 32-14.33 32-32v-32c0-17.67-14.33-32-32-32z\"><\/path><\/svg><\/span>\n\t\t\t\t\t\t\t\t<span class=\"elementor-accordion-icon-opened\"><svg class=\"e-font-icon-svg e-far-window-minimize\" viewBox=\"0 0 512 512\" xmlns=\"http:\/\/www.w3.org\/2000\/svg\"><path d=\"M480 480H32c-17.7 0-32-14.3-32-32s14.3-32 32-32h448c17.7 0 32 14.3 32 32s-14.3 32-32 32z\"><\/path><\/svg><\/span>\n\t\t\t\t\t\t\t\t\t\t\t\t\t\t<\/span>\n\t\t\t\t\t\t\t\t\t\t\t\t<a class=\"elementor-accordion-title\" tabindex=\"0\">Wie l\u00f6se ich einen Gutschein ein?<\/a>\n\t\t\t\t\t<\/div>\n\t\t\t\t\t<div id=\"elementor-tab-content-2493\" class=\"elementor-tab-content elementor-clearfix\" data-tab=\"3\" role=\"region\" aria-labelledby=\"elementor-tab-title-2493\"><p>Lorem Ipsum ist einfach Blindtext der Druck- und Satzindustrie. Lorem Ipsum ist seit den 1500er Jahren der Standard-Blindtext der Branche, als ein unbekannter Drucker eine Drucktype nahm und sie verw\u00fcrfelte, um ein Musterbuch zu erstellen. Es hat nicht nur f\u00fcnf Jahrhunderte \u00fcberlebt, sondern auch den Sprung in den elektronischen Schriftsatz, und ist im Wesentlichen unver\u00e4ndert geblieben.  <\/p>\n<p>Es wurde in den 1960er Jahren mit der Ver\u00f6ffentlichung von Letraset-Bl\u00e4ttern mit Lorem Ipsum-Passagen popul\u00e4r gemacht, und in j\u00fcngerer Zeit mit Desktop-Publishing-Software wie Aldus PageMaker, einschlie\u00dflich Versionen von Lorem Ipsum.<\/p>\n<\/div>\n\t\t\t\t<\/div>\n\t\t\t\t\t\t\t<div class=\"elementor-accordion-item\">\n\t\t\t\t\t<div id=\"elementor-tab-title-2494\" class=\"elementor-tab-title\" data-tab=\"4\" role=\"button\" aria-controls=\"elementor-tab-content-2494\" aria-expanded=\"false\">\n\t\t\t\t\t\t\t\t\t\t\t\t\t<span class=\"elementor-accordion-icon elementor-accordion-icon-right\" aria-hidden=\"true\">\n\t\t\t\t\t\t\t\t\t\t\t\t\t\t\t<span class=\"elementor-accordion-icon-closed\"><svg class=\"e-font-icon-svg e-fas-plus\" viewBox=\"0 0 448 512\" xmlns=\"http:\/\/www.w3.org\/2000\/svg\"><path d=\"M416 208H272V64c0-17.67-14.33-32-32-32h-32c-17.67 0-32 14.33-32 32v144H32c-17.67 0-32 14.33-32 32v32c0 17.67 14.33 32 32 32h144v144c0 17.67 14.33 32 32 32h32c17.67 0 32-14.33 32-32V304h144c17.67 0 32-14.33 32-32v-32c0-17.67-14.33-32-32-32z\"><\/path><\/svg><\/span>\n\t\t\t\t\t\t\t\t<span class=\"elementor-accordion-icon-opened\"><svg class=\"e-font-icon-svg e-far-window-minimize\" viewBox=\"0 0 512 512\" xmlns=\"http:\/\/www.w3.org\/2000\/svg\"><path d=\"M480 480H32c-17.7 0-32-14.3-32-32s14.3-32 32-32h448c17.7 0 32 14.3 32 32s-14.3 32-32 32z\"><\/path><\/svg><\/span>\n\t\t\t\t\t\t\t\t\t\t\t\t\t\t<\/span>\n\t\t\t\t\t\t\t\t\t\t\t\t<a class=\"elementor-accordion-title\" tabindex=\"0\">Kontonamen \u00e4ndern<\/a>\n\t\t\t\t\t<\/div>\n\t\t\t\t\t<div id=\"elementor-tab-content-2494\" class=\"elementor-tab-content elementor-clearfix\" data-tab=\"4\" role=\"region\" aria-labelledby=\"elementor-tab-title-2494\"><p>Entgegen der landl\u00e4ufigen Meinung ist Lorem Ipsum nicht einfach nur zuf\u00e4lliger Text. Es hat seine Wurzeln in einem St\u00fcck klassischer lateinischer Literatur aus dem Jahr 45 v. Chr. und ist damit \u00fcber 2000 Jahre alt. Richard McClintock, ein Lateinprofessor am Hampden-Sydney College in Virginia, schlug eines der obskureren lateinischen W\u00f6rter, consectetur, aus einer Lorem Ipsum-Passage nach und entdeckte bei der Durchsicht der Zitate des Wortes in der klassischen Literatur die unzweifelhafte Quelle.  <\/p>\n<p>Es ist eine seit langem etablierte Tatsache, dass ein Leser durch den lesbaren Inhalt einer Seite abgelenkt wird, wenn er sich deren Layout ansieht. Der Punkt bei der Verwendung von Lorem Ipsum ist, dass es eine mehr oder weniger normale Verteilung von Buchstaben aufweist, im Gegensatz zur Verwendung von &#8218;Inhalt hier, Inhalt hier&#8216;, wodurch es wie lesbares Englisch aussieht. <\/p>\n<\/div>\n\t\t\t\t<\/div>\n\t\t\t\t\t\t\t\t<\/div>\n\t\t\t\t\t\t<\/div>\n\t\t\t\t\t<\/div>\n\t\t<\/div>\n\t\t\t\t\t<\/div>\n\t\t<\/section>\n\t\t\t\t<section class=\"elementor-section elementor-top-section elementor-element elementor-element-f6b93ff elementor-section-stretched elementor-section-boxed elementor-section-height-default elementor-section-height-default\" data-id=\"f6b93ff\" data-element_type=\"section\" data-settings=\"{&quot;stretch_section&quot;:&quot;section-stretched&quot;}\">\n\t\t\t\t\t\t<div class=\"elementor-container elementor-column-gap-extended\">\n\t\t\t\t\t<div class=\"elementor-column elementor-col-100 elementor-top-column elementor-element elementor-element-8fab70d\" data-id=\"8fab70d\" data-element_type=\"column\">\n\t\t\t<div class=\"elementor-widget-wrap elementor-element-populated\">\n\t\t\t\t\t\t<div class=\"elementor-element elementor-element-9a16dcc elementor-widget elementor-widget-heading\" data-id=\"9a16dcc\" data-element_type=\"widget\" data-widget_type=\"heading.default\">\n\t\t\t\t\t<h2 class=\"elementor-heading-title elementor-size-default\">Vorschl\u00e4ge<\/h2>\t\t\t\t<\/div>\n\t\t\t\t<div class=\"elementor-element elementor-element-9b72ad8 elementor-widget elementor-widget-accordion\" data-id=\"9b72ad8\" data-element_type=\"widget\" data-widget_type=\"accordion.default\">\n\t\t\t\t\t\t\t<div class=\"elementor-accordion\">\n\t\t\t\t\t\t\t<div class=\"elementor-accordion-item\">\n\t\t\t\t\t<div id=\"elementor-tab-title-1621\" class=\"elementor-tab-title\" data-tab=\"1\" role=\"button\" aria-controls=\"elementor-tab-content-1621\" aria-expanded=\"false\">\n\t\t\t\t\t\t\t\t\t\t\t\t\t<span class=\"elementor-accordion-icon elementor-accordion-icon-right\" aria-hidden=\"true\">\n\t\t\t\t\t\t\t\t\t\t\t\t\t\t\t<span class=\"elementor-accordion-icon-closed\"><svg class=\"e-font-icon-svg e-fas-plus\" viewBox=\"0 0 448 512\" xmlns=\"http:\/\/www.w3.org\/2000\/svg\"><path d=\"M416 208H272V64c0-17.67-14.33-32-32-32h-32c-17.67 0-32 14.33-32 32v144H32c-17.67 0-32 14.33-32 32v32c0 17.67 14.33 32 32 32h144v144c0 17.67 14.33 32 32 32h32c17.67 0 32-14.33 32-32V304h144c17.67 0 32-14.33 32-32v-32c0-17.67-14.33-32-32-32z\"><\/path><\/svg><\/span>\n\t\t\t\t\t\t\t\t<span class=\"elementor-accordion-icon-opened\"><svg class=\"e-font-icon-svg e-far-window-minimize\" viewBox=\"0 0 512 512\" xmlns=\"http:\/\/www.w3.org\/2000\/svg\"><path d=\"M480 480H32c-17.7 0-32-14.3-32-32s14.3-32 32-32h448c17.7 0 32 14.3 32 32s-14.3 32-32 32z\"><\/path><\/svg><\/span>\n\t\t\t\t\t\t\t\t\t\t\t\t\t\t<\/span>\n\t\t\t\t\t\t\t\t\t\t\t\t<a class=\"elementor-accordion-title\" tabindex=\"0\">Warum wird meine Zahlung nicht durchgef\u00fchrt?<\/a>\n\t\t\t\t\t<\/div>\n\t\t\t\t\t<div id=\"elementor-tab-content-1621\" class=\"elementor-tab-content elementor-clearfix\" data-tab=\"1\" role=\"region\" aria-labelledby=\"elementor-tab-title-1621\"><p>Lorem Ipsum ist einfach Blindtext der Druck- und Satzindustrie. Lorem Ipsum ist seit den 1500er Jahren der Standard-Blindtext der Branche, als ein unbekannter Drucker eine Drucktype nahm und sie verw\u00fcrfelte, um ein Musterbuch zu erstellen. Es hat nicht nur f\u00fcnf Jahrhunderte \u00fcberlebt, sondern auch den Sprung in den elektronischen Schriftsatz, und ist im Wesentlichen unver\u00e4ndert geblieben.  <\/p>\n<p>Es wurde in den 1960er Jahren mit der Ver\u00f6ffentlichung von Letraset-Bl\u00e4ttern mit Lorem Ipsum-Passagen popul\u00e4r gemacht, und in j\u00fcngerer Zeit mit Desktop-Publishing-Software wie Aldus PageMaker, einschlie\u00dflich Versionen von Lorem Ipsum.<\/p>\n<\/div>\n\t\t\t\t<\/div>\n\t\t\t\t\t\t\t<div class=\"elementor-accordion-item\">\n\t\t\t\t\t<div id=\"elementor-tab-title-1622\" class=\"elementor-tab-title\" data-tab=\"2\" role=\"button\" aria-controls=\"elementor-tab-content-1622\" aria-expanded=\"false\">\n\t\t\t\t\t\t\t\t\t\t\t\t\t<span class=\"elementor-accordion-icon elementor-accordion-icon-right\" aria-hidden=\"true\">\n\t\t\t\t\t\t\t\t\t\t\t\t\t\t\t<span class=\"elementor-accordion-icon-closed\"><svg class=\"e-font-icon-svg e-fas-plus\" viewBox=\"0 0 448 512\" xmlns=\"http:\/\/www.w3.org\/2000\/svg\"><path d=\"M416 208H272V64c0-17.67-14.33-32-32-32h-32c-17.67 0-32 14.33-32 32v144H32c-17.67 0-32 14.33-32 32v32c0 17.67 14.33 32 32 32h144v144c0 17.67 14.33 32 32 32h32c17.67 0 32-14.33 32-32V304h144c17.67 0 32-14.33 32-32v-32c0-17.67-14.33-32-32-32z\"><\/path><\/svg><\/span>\n\t\t\t\t\t\t\t\t<span class=\"elementor-accordion-icon-opened\"><svg class=\"e-font-icon-svg e-far-window-minimize\" viewBox=\"0 0 512 512\" xmlns=\"http:\/\/www.w3.org\/2000\/svg\"><path d=\"M480 480H32c-17.7 0-32-14.3-32-32s14.3-32 32-32h448c17.7 0 32 14.3 32 32s-14.3 32-32 32z\"><\/path><\/svg><\/span>\n\t\t\t\t\t\t\t\t\t\t\t\t\t\t<\/span>\n\t\t\t\t\t\t\t\t\t\t\t\t<a class=\"elementor-accordion-title\" tabindex=\"0\">Wie bekomme ich eine R\u00fcckerstattung?<\/a>\n\t\t\t\t\t<\/div>\n\t\t\t\t\t<div id=\"elementor-tab-content-1622\" class=\"elementor-tab-content elementor-clearfix\" data-tab=\"2\" role=\"region\" aria-labelledby=\"elementor-tab-title-1622\"><p>Entgegen der landl\u00e4ufigen Meinung ist Lorem Ipsum nicht einfach nur zuf\u00e4lliger Text. Es hat seine Wurzeln in einem St\u00fcck klassischer lateinischer Literatur aus dem Jahr 45 v. Chr. und ist damit \u00fcber 2000 Jahre alt. Richard McClintock, ein Lateinprofessor am Hampden-Sydney College in Virginia, schlug eines der obskureren lateinischen W\u00f6rter, consectetur, aus einer Lorem Ipsum-Passage nach und entdeckte bei der Durchsicht der Zitate des Wortes in der klassischen Literatur die unzweifelhafte Quelle.  <\/p>\n<p>Es ist eine seit langem etablierte Tatsache, dass ein Leser durch den lesbaren Inhalt einer Seite abgelenkt wird, wenn er sich deren Layout ansieht. Der Punkt bei der Verwendung von Lorem Ipsum ist, dass es eine mehr oder weniger normale Verteilung von Buchstaben aufweist, im Gegensatz zur Verwendung von &#8218;Inhalt hier, Inhalt hier&#8216;, wodurch es wie lesbares Englisch aussieht. <\/p>\n<\/div>\n\t\t\t\t<\/div>\n\t\t\t\t\t\t\t<div class=\"elementor-accordion-item\">\n\t\t\t\t\t<div id=\"elementor-tab-title-1623\" class=\"elementor-tab-title\" data-tab=\"3\" role=\"button\" aria-controls=\"elementor-tab-content-1623\" aria-expanded=\"false\">\n\t\t\t\t\t\t\t\t\t\t\t\t\t<span class=\"elementor-accordion-icon elementor-accordion-icon-right\" aria-hidden=\"true\">\n\t\t\t\t\t\t\t\t\t\t\t\t\t\t\t<span class=\"elementor-accordion-icon-closed\"><svg class=\"e-font-icon-svg e-fas-plus\" viewBox=\"0 0 448 512\" xmlns=\"http:\/\/www.w3.org\/2000\/svg\"><path d=\"M416 208H272V64c0-17.67-14.33-32-32-32h-32c-17.67 0-32 14.33-32 32v144H32c-17.67 0-32 14.33-32 32v32c0 17.67 14.33 32 32 32h144v144c0 17.67 14.33 32 32 32h32c17.67 0 32-14.33 32-32V304h144c17.67 0 32-14.33 32-32v-32c0-17.67-14.33-32-32-32z\"><\/path><\/svg><\/span>\n\t\t\t\t\t\t\t\t<span class=\"elementor-accordion-icon-opened\"><svg class=\"e-font-icon-svg e-far-window-minimize\" viewBox=\"0 0 512 512\" xmlns=\"http:\/\/www.w3.org\/2000\/svg\"><path d=\"M480 480H32c-17.7 0-32-14.3-32-32s14.3-32 32-32h448c17.7 0 32 14.3 32 32s-14.3 32-32 32z\"><\/path><\/svg><\/span>\n\t\t\t\t\t\t\t\t\t\t\t\t\t\t<\/span>\n\t\t\t\t\t\t\t\t\t\t\t\t<a class=\"elementor-accordion-title\" tabindex=\"0\">Wie l\u00f6se ich einen Gutschein ein?<\/a>\n\t\t\t\t\t<\/div>\n\t\t\t\t\t<div id=\"elementor-tab-content-1623\" class=\"elementor-tab-content elementor-clearfix\" data-tab=\"3\" role=\"region\" aria-labelledby=\"elementor-tab-title-1623\"><p>Lorem Ipsum ist einfach Blindtext der Druck- und Satzindustrie. Lorem Ipsum ist seit den 1500er Jahren der Standard-Blindtext der Branche, als ein unbekannter Drucker eine Drucktype nahm und sie verw\u00fcrfelte, um ein Musterbuch zu erstellen. Es hat nicht nur f\u00fcnf Jahrhunderte \u00fcberlebt, sondern auch den Sprung in den elektronischen Schriftsatz, und ist im Wesentlichen unver\u00e4ndert geblieben.  <\/p>\n<p>Es wurde in den 1960er Jahren mit der Ver\u00f6ffentlichung von Letraset-Bl\u00e4ttern mit Lorem Ipsum-Passagen popul\u00e4r gemacht, und in j\u00fcngerer Zeit mit Desktop-Publishing-Software wie Aldus PageMaker, einschlie\u00dflich Versionen von Lorem Ipsum.<\/p>\n<\/div>\n\t\t\t\t<\/div>\n\t\t\t\t\t\t\t<div class=\"elementor-accordion-item\">\n\t\t\t\t\t<div id=\"elementor-tab-title-1624\" class=\"elementor-tab-title\" data-tab=\"4\" role=\"button\" aria-controls=\"elementor-tab-content-1624\" aria-expanded=\"false\">\n\t\t\t\t\t\t\t\t\t\t\t\t\t<span class=\"elementor-accordion-icon elementor-accordion-icon-right\" aria-hidden=\"true\">\n\t\t\t\t\t\t\t\t\t\t\t\t\t\t\t<span class=\"elementor-accordion-icon-closed\"><svg class=\"e-font-icon-svg e-fas-plus\" viewBox=\"0 0 448 512\" xmlns=\"http:\/\/www.w3.org\/2000\/svg\"><path d=\"M416 208H272V64c0-17.67-14.33-32-32-32h-32c-17.67 0-32 14.33-32 32v144H32c-17.67 0-32 14.33-32 32v32c0 17.67 14.33 32 32 32h144v144c0 17.67 14.33 32 32 32h32c17.67 0 32-14.33 32-32V304h144c17.67 0 32-14.33 32-32v-32c0-17.67-14.33-32-32-32z\"><\/path><\/svg><\/span>\n\t\t\t\t\t\t\t\t<span class=\"elementor-accordion-icon-opened\"><svg class=\"e-font-icon-svg e-far-window-minimize\" viewBox=\"0 0 512 512\" xmlns=\"http:\/\/www.w3.org\/2000\/svg\"><path d=\"M480 480H32c-17.7 0-32-14.3-32-32s14.3-32 32-32h448c17.7 0 32 14.3 32 32s-14.3 32-32 32z\"><\/path><\/svg><\/span>\n\t\t\t\t\t\t\t\t\t\t\t\t\t\t<\/span>\n\t\t\t\t\t\t\t\t\t\t\t\t<a class=\"elementor-accordion-title\" tabindex=\"0\">Kontonamen \u00e4ndern<\/a>\n\t\t\t\t\t<\/div>\n\t\t\t\t\t<div id=\"elementor-tab-content-1624\" class=\"elementor-tab-content elementor-clearfix\" data-tab=\"4\" role=\"region\" aria-labelledby=\"elementor-tab-title-1624\"><p>Entgegen der landl\u00e4ufigen Meinung ist Lorem Ipsum nicht einfach nur zuf\u00e4lliger Text. Es hat seine Wurzeln in einem St\u00fcck klassischer lateinischer Literatur aus dem Jahr 45 v. Chr. und ist damit \u00fcber 2000 Jahre alt. Richard McClintock, ein Lateinprofessor am Hampden-Sydney College in Virginia, schlug eines der obskureren lateinischen W\u00f6rter, consectetur, aus einer Lorem Ipsum-Passage nach und entdeckte bei der Durchsicht der Zitate des Wortes in der klassischen Literatur die unzweifelhafte Quelle.  <\/p>\n<p>Es ist eine seit langem etablierte Tatsache, dass ein Leser durch den lesbaren Inhalt einer Seite abgelenkt wird, wenn er sich deren Layout ansieht. Der Punkt bei der Verwendung von Lorem Ipsum ist, dass es eine mehr oder weniger normale Verteilung von Buchstaben aufweist, im Gegensatz zur Verwendung von &#8218;Inhalt hier, Inhalt hier&#8216;, wodurch es wie lesbares Englisch aussieht. <\/p>\n<\/div>\n\t\t\t\t<\/div>\n\t\t\t\t\t\t\t\t<\/div>\n\t\t\t\t\t\t<\/div>\n\t\t\t\t\t<\/div>\n\t\t<\/div>\n\t\t\t\t\t<\/div>\n\t\t<\/section>\n\t\t\t\t<\/div>\n\t\t","protected":false},"excerpt":{"rendered":"<p>Zahlungen Warum wird meine Zahlung nicht durchgef\u00fchrt? Lorem Ipsum ist einfach Blindtext der Druck- und Satzindustrie. Lorem Ipsum ist seit den 1500er Jahren der Standard-Blindtext der Branche, als ein unbekannter Drucker eine Drucktype nahm und sie verw\u00fcrfelte, um ein Musterbuch zu erstellen. Es hat nicht nur f\u00fcnf Jahrhunderte \u00fcberlebt, sondern auch den Sprung in den [&hellip;]<\/p>\n","protected":false},"author":1,"featured_media":0,"parent":0,"menu_order":0,"comment_status":"closed","ping_status":"closed","template":"","meta":{"footnotes":""},"class_list":["post-2201","page","type-page","status-publish","hentry"],"_hostinger_reach_plugin_has_subscription_block":false,"_hostinger_reach_plugin_is_elementor":false,"_links":{"self":[{"href":"https:\/\/telegram-finder.com\/de\/wp-json\/wp\/v2\/pages\/2201","targetHints":{"allow":["GET"]}}],"collection":[{"href":"https:\/\/telegram-finder.com\/de\/wp-json\/wp\/v2\/pages"}],"about":[{"href":"https:\/\/telegram-finder.com\/de\/wp-json\/wp\/v2\/types\/page"}],"author":[{"embeddable":true,"href":"https:\/\/telegram-finder.com\/de\/wp-json\/wp\/v2\/users\/1"}],"replies":[{"embeddable":true,"href":"https:\/\/telegram-finder.com\/de\/wp-json\/wp\/v2\/comments?post=2201"}],"version-history":[{"count":4,"href":"https:\/\/telegram-finder.com\/de\/wp-json\/wp\/v2\/pages\/2201\/revisions"}],"predecessor-version":[{"id":3914,"href":"https:\/\/telegram-finder.com\/de\/wp-json\/wp\/v2\/pages\/2201\/revisions\/3914"}],"wp:attachment":[{"href":"https:\/\/telegram-finder.com\/de\/wp-json\/wp\/v2\/media?parent=2201"}],"curies":[{"name":"wp","href":"https:\/\/api.w.org\/{rel}","templated":true}]}}